{"id":411,"date":"2021-04-16T10:13:40","date_gmt":"2021-04-16T10:13:40","guid":{"rendered":"https:\/\/initiative-hungerberg.de\/?page_id=411"},"modified":"2022-06-08T22:24:44","modified_gmt":"2022-06-08T22:24:44","slug":"ueber-uns","status":"publish","type":"page","link":"https:\/\/initiative-hungerberg.de\/?page_id=411","title":{"rendered":"\u00dcber uns"},"content":{"rendered":"\n<p>Motivation und Geschichte: Die Mitglieder der B\u00fcrgerinitiative Hungerberg<\/p>\n\n\n\n<p>Die<strong> Initiative Hungerberg<\/strong> ist als Reaktion auf die angedachte Ausweisung eines  Gebiets s\u00fcdlich der A8 als <strong>regionaler Vorhaltestandor<\/strong>t f\u00fcr gr\u00f6\u00dfere und ggf. emissionstr\u00e4chtige Gewerbe- und Industrievorhaben im Entwurf des <strong>Fl\u00e4chennutzungsplans 2035<\/strong> der vereinbarten <strong>Verwaltungsgemeinschaft<\/strong> <strong>Kirchheim<\/strong>-Notzingen-<strong>Dettingen<\/strong> (VVG) entstanden.<\/p>\n\n\n\n<p>Zusammen mit dem n\u00f6rdlich der Autobahn anschlie\u00dfenden <strong>Gewerbegebiet<\/strong> <strong>Bohnau S\u00fcd<\/strong> k\u00f6nnten \u00fcber einen l\u00e4ngeren Zeitraum und \u00fcber mehrere Verfahrensschritte hinweg zum Teil bester landwirtschaftlicher B\u00f6den in eine gewerbliche und industrielle Nutzung \u00fcberf\u00fchrt werden. Die entsprechenden Fl\u00e4chen waren bis vor kurzem noch Teil eines regionalen Gr\u00fcnzuges.<\/p>\n\n\n\n<h2 class=\"wp-block-heading\">Informationspolitik<\/h2>\n\n\n\n<p>Viele Argumente, wie sie von den Bef\u00fcrwortern des Vorhaltestandorts Hungerberg angef\u00fchrt werden, haben in unseren Augen kaum \u00dcberzeugungskraft. Wie so oft argumentieren die Bef\u00fcrworter des Industriegebiets pauschal mit Steuereinnahmen und Arbeitspl\u00e4tzen. Zu den Nettoeffekten auf die Gemeindehaushalte wurden der \u00d6ffentlichkeit nie Zahlen vorgelegt. Dass die hochspezialisierten Arbeitskr\u00e4fte der Firmen, die unter der Hand f\u00fcr den Vorhaltestandort gehandelt werden, keineswegs in Kirchheim und im Lenninger Tal zu finden sein werden, wurde ebenso wenig angesprochen. Folgeeingriffe in Form weiterer Wohngebiete sind bereits diskutiert. Von einem vorhersehbaren Anstieg der Lebenshaltungskosten war nie die Rede. Die Liste oberfl\u00e4chlicher Argumente, die in den vergangenen Monaten angef\u00fchrt wurden, ist lang.&nbsp;<\/p>\n\n\n\n<blockquote class=\"wp-block-quote is-layout-flow wp-block-quote-is-layout-flow\"><p>Wir sind unzufrieden mit der Informationspolitik insbesondere der Dettinger Gemeindeverwaltung. Wir fordern deshalb ein direktes Mitspracherecht der B\u00fcrgerschaft.<\/p><\/blockquote>\n\n\n\n<p>Umso mehr als sich bei der <strong>Abstimmung im Gemeinderat nur eine hauchd\u00fcnne Mehrheit<\/strong> f\u00fcr das Gebiet fand und selbst Gemeinder\u00e4te, die ein wirtschaftliches Eigeninteresse an der Bebauung des Gebietes haben k\u00f6nnten, sich gegen die Ausweisung des Vorhaltestandorts aussprachen.<\/p>\n\n\n\n<blockquote class=\"wp-block-quote is-layout-flow wp-block-quote-is-layout-flow\"><p>Bei Entscheidungen dieser Tragweite m\u00fcssen B\u00fcrger- und B\u00fcrgerinnnen die M\u00f6glichkeit haben, auf breiter und unabh\u00e4ngiger Informationsbasis und nach ausf\u00fchrlicher Diskussion \u00fcber ihre Geschicke auch selbst zu entscheiden.<\/p><\/blockquote>\n\n\n\n<p>Deshalb streben wir einen <strong>B\u00fcrgerentscheid an, der die Bebauung des Hungerberg<\/strong> f\u00fcr mindestens drei Jahre verhindert. Die dadurch entstehende Pause im Verfahren soll genutzt werden, alle Argumente \u2013 F\u00fcr und Wider &#8211; auf den Tisch zu bringen, intensiv zu diskutieren und dann zu&nbsp;&nbsp;einer guten Entscheidung zum Wohle der B\u00fcrger- und B\u00fcrgerinnen zu kommen.<\/p>\n\n\n\n<blockquote class=\"wp-block-quote is-layout-flow wp-block-quote-is-layout-flow\"><p>&#8222;Lebensqualit\u00e4t ist von einer intakten Umwelt nicht zu trennen. Wir fordern den klaren Vorrang f\u00fcr die Entwicklung von Gewerbe und Wohnraum im Bestand. Wir m\u00f6chten, dass die Menschen, die in 20 oder 30 Jahren in Dettingen leben, noch Entwicklungsoptionen f\u00fcr Ihre Zukunft- und Zukunftstechnologien haben \u2013 dies auch in Form von dann noch verf\u00fcgbaren Freifl\u00e4chen.&#8220;<\/p><\/blockquote>\n\n\n\n<hr class=\"wp-block-separator\"\/>\n\n\n\n<h2 class=\"wp-block-heading\">Initiatorinnen und Initiatoren<\/h2>\n\n\n\n<figure class=\"wp-block-table alignleft is-style-stripes\"><table><tbody><tr><td><strong>Michael Hahn&nbsp;<\/strong><\/td><td class=\"has-text-align-right\" data-align=\"right\"><\/td><\/tr><tr><td><br><img data-recalc-dims=\"1\" loading=\"lazy\" decoding=\"async\" width=\"150\" height=\"150\" class=\"wp-image-430\" style=\"width: 150px;\" src=\"https:\/\/i0.wp.com\/initiative-hungerberg.de\/wp-content\/uploads\/2021\/04\/MichaelHahn_P2190952_0.jpg?resize=150%2C150&#038;ssl=1\" alt=\"\" srcset=\"https:\/\/i0.wp.com\/initiative-hungerberg.de\/wp-content\/uploads\/2021\/04\/MichaelHahn_P2190952_0.jpg?w=800&amp;ssl=1 800w, https:\/\/i0.wp.com\/initiative-hungerberg.de\/wp-content\/uploads\/2021\/04\/MichaelHahn_P2190952_0.jpg?resize=300%2C300&amp;ssl=1 300w, https:\/\/i0.wp.com\/initiative-hungerberg.de\/wp-content\/uploads\/2021\/04\/MichaelHahn_P2190952_0.jpg?resize=150%2C150&amp;ssl=1 150w, https:\/\/i0.wp.com\/initiative-hungerberg.de\/wp-content\/uploads\/2021\/04\/MichaelHahn_P2190952_0.jpg?resize=768%2C768&amp;ssl=1 768w\" sizes=\"auto, (max-width: 150px) 85vw, 150px\" \/><\/td><td class=\"has-text-align-right\" data-align=\"right\"><br>verheiratet, 1 Kind<br>besch\u00e4ftigt bei einem Maschinenbauunternehmen in der Region<br>seit \u00fcber 15 Jahren wohnhaft in Dettingen<br><br><strong>michael.hahn@initiative-hungerberg.de<\/strong><\/td><\/tr><tr><td><strong>Oliver Beck<\/strong><\/td><td class=\"has-text-align-right\" data-align=\"right\"><\/td><\/tr><tr><td><br><img data-recalc-dims=\"1\" loading=\"lazy\" decoding=\"async\" width=\"150\" height=\"199\" class=\"wp-image-458\" style=\"width: 150px;\" src=\"https:\/\/i0.wp.com\/initiative-hungerberg.de\/wp-content\/uploads\/2021\/04\/Oliver-Beck.png?resize=150%2C199&#038;ssl=1\" alt=\"\" srcset=\"https:\/\/i0.wp.com\/initiative-hungerberg.de\/wp-content\/uploads\/2021\/04\/Oliver-Beck.png?w=567&amp;ssl=1 567w, https:\/\/i0.wp.com\/initiative-hungerberg.de\/wp-content\/uploads\/2021\/04\/Oliver-Beck.png?resize=226%2C300&amp;ssl=1 226w\" sizes=\"auto, (max-width: 150px) 85vw, 150px\" \/><\/td><td class=\"has-text-align-right\" data-align=\"right\"><br>verheiratet, 2 Kinder<br>Feuerwehrmann<br><br><strong>oliver.beck@initiative-hungerberg.de<\/strong><\/td><\/tr><tr><td><strong>Manfred H\u00e4fele<\/strong><\/td><td class=\"has-text-align-right\" data-align=\"right\"><\/td><\/tr><tr><td><br><img data-recalc-dims=\"1\" loading=\"lazy\" decoding=\"async\" width=\"150\" height=\"200\" class=\"wp-image-425\" style=\"width: 150px;\" src=\"https:\/\/i0.wp.com\/initiative-hungerberg.de\/wp-content\/uploads\/2021\/04\/Haefele-Kopie.png?resize=150%2C200&#038;ssl=1\" alt=\"\" srcset=\"https:\/\/i0.wp.com\/initiative-hungerberg.de\/wp-content\/uploads\/2021\/04\/Haefele-Kopie.png?w=567&amp;ssl=1 567w, https:\/\/i0.wp.com\/initiative-hungerberg.de\/wp-content\/uploads\/2021\/04\/Haefele-Kopie.png?resize=225%2C300&amp;ssl=1 225w\" sizes=\"auto, (max-width: 150px) 85vw, 150px\" \/><\/td><td class=\"has-text-align-right\" data-align=\"right\"><br>verheiratet, 2 Kinder<br>Lehrer<br><br><strong>info@inititaive-hungerberg.de<\/strong><\/td><\/tr><tr><td><strong>Rainer Kuhn<\/strong><\/td><td class=\"has-text-align-right\" data-align=\"right\"><\/td><\/tr><tr><td><br><img data-recalc-dims=\"1\" decoding=\"async\" src=\"https:\/\/i0.wp.com\/initiative-hungerberg.de\/wp-content\/uploads\/2021\/04\/Ohne-Titel-1.png?w=840&#038;ssl=1\" alt=\"\"><\/td><td class=\"has-text-align-right\" data-align=\"right\"><br><br>verheiratet, 2 Kinder<br>ehemaliger Gemeinderat<br><strong>rainerkuhn@t-online.de<\/strong><br><\/td><\/tr><tr><td><strong><strong>Susanne Maier<\/strong><\/strong><\/td><td class=\"has-text-align-right\" data-align=\"right\"><\/td><\/tr><tr><td><br><img data-recalc-dims=\"1\" loading=\"lazy\" decoding=\"async\" width=\"150\" height=\"190\" class=\"wp-image-450\" style=\"width: 150px;\" src=\"https:\/\/i0.wp.com\/initiative-hungerberg.de\/wp-content\/uploads\/2021\/04\/Susanne-Maier.png?resize=150%2C190&#038;ssl=1\" alt=\"\" srcset=\"https:\/\/i0.wp.com\/initiative-hungerberg.de\/wp-content\/uploads\/2021\/04\/Susanne-Maier.png?w=283&amp;ssl=1 283w, https:\/\/i0.wp.com\/initiative-hungerberg.de\/wp-content\/uploads\/2021\/04\/Susanne-Maier.png?resize=236%2C300&amp;ssl=1 236w\" sizes=\"auto, (max-width: 150px) 85vw, 150px\" \/><\/td><td class=\"has-text-align-right\" data-align=\"right\"><br><em>&#8222;Was wir heute tun, entscheidet dar\u00fcber, wie die Welt morgen aussieht&#8220;<\/em><br>Marie von Ebner-Eschenbach<\/td><\/tr><tr><td><strong>Nabu Dettingen<\/strong><\/td><td class=\"has-text-align-right\" data-align=\"right\"><\/td><\/tr><tr><td><img data-recalc-dims=\"1\" decoding=\"async\" src=\"https:\/\/i0.wp.com\/initiative-hungerberg.de\/wp-content\/uploads\/2021\/04\/NABU-Logo.png?w=840&#038;ssl=1\" alt=\"\" style=\"width: 150px;\"><\/td><td class=\"has-text-align-right\" data-align=\"right\"><strong>nabu.dettingen.teck@t-online.de<\/strong><\/td><\/tr><\/tbody><\/table><figcaption>Mitglieder Initiative Hungerberg, Dettingen<\/figcaption><\/figure>\n\n\n\n<p class=\"has-small-font-size\"><a href=\"https:\/\/initiative-hungerberg.de\/?page_id=3\" target=\"_blank\" rel=\"noreferrer noopener\">Mitglieder der B\u00fcrgerinitiative Hungerberg<\/a><\/p>\n","protected":false},"excerpt":{"rendered":"<p>Motivation und Geschichte: Die Mitglieder der B\u00fcrgerinitiative Hungerberg Die Initiative Hungerberg ist als Reaktion auf die angedachte Ausweisung eines Gebiets s\u00fcdlich der A8 als regionaler Vorhaltestandort f\u00fcr gr\u00f6\u00dfere und ggf. &hellip; <a href=\"https:\/\/initiative-hungerberg.de\/?page_id=411\" class=\"more-link\"><span class=\"screen-reader-text\">\u201e\u00dcber uns\u201c<\/span> weiterlesen<\/a><\/p>\n","protected":false},"author":1,"featured_media":1608,"parent":0,"menu_order":6,"comment_status":"closed","ping_status":"closed","template":"","meta":{"_monsterinsights_skip_tracking":false,"_monsterinsights_sitenote_active":false,"_monsterinsights_sitenote_note":"","_monsterinsights_sitenote_category":0,"footnotes":""},"class_list":["post-411","page","type-page","status-publish","has-post-thumbnail","hentry"],"yoast_head":"<!-- This site is optimized with the Yoast SEO plugin v27.4 - https:\/\/yoast.com\/product\/yoast-seo-wordpress\/ -->\n<title>\u00dcber uns - Mitglieder der B\u00fcrgerinitiative Hungerberg Dettingen<\/title>\n<meta name=\"description\" content=\"Mitglieder der B\u00fcrgerinitiative Hungerberg zum Vorhaltestandort Hungerberg in Dettingen. Motivation und Vorstellung zum Team\" \/>\n<meta name=\"robots\" content=\"index, follow, max-snippet:-1, max-image-preview:large, max-video-preview:-1\" \/>\n<link rel=\"canonical\" href=\"https:\/\/initiative-hungerberg.de\/?page_id=411\" \/>\n<meta property=\"og:locale\" content=\"de_DE\" \/>\n<meta property=\"og:type\" content=\"article\" \/>\n<meta property=\"og:title\" content=\"\u00dcber uns - Mitglieder der B\u00fcrgerinitiative Hungerberg Dettingen\" \/>\n<meta property=\"og:description\" content=\"Mitglieder der B\u00fcrgerinitiative Hungerberg zum Vorhaltestandort Hungerberg in Dettingen. Motivation und Vorstellung zum Team\" \/>\n<meta property=\"og:url\" content=\"https:\/\/initiative-hungerberg.de\/?page_id=411\" \/>\n<meta property=\"og:site_name\" content=\"B\u00fcrgerinitiative Hungerberg\" \/>\n<meta property=\"article:modified_time\" content=\"2022-06-08T22:24:44+00:00\" \/>\n<meta property=\"og:image\" content=\"https:\/\/initiative-hungerberg.de\/wp-content\/uploads\/2021\/09\/IMG_7241-1.jpg\" \/>\n\t<meta property=\"og:image:width\" content=\"1417\" \/>\n\t<meta property=\"og:image:height\" content=\"945\" \/>\n\t<meta property=\"og:image:type\" content=\"image\/jpeg\" \/>\n<meta name=\"twitter:card\" content=\"summary_large_image\" \/>\n<meta name=\"twitter:label1\" content=\"Gesch\u00e4tzte Lesezeit\" \/>\n\t<meta name=\"twitter:data1\" content=\"4\u00a0Minuten\" \/>\n<script type=\"application\/ld+json\" class=\"yoast-schema-graph\">{\"@context\":\"https:\\\/\\\/schema.org\",\"@graph\":[{\"@type\":\"WebPage\",\"@id\":\"https:\\\/\\\/initiative-hungerberg.de\\\/?page_id=411\",\"url\":\"https:\\\/\\\/initiative-hungerberg.de\\\/?page_id=411\",\"name\":\"\u00dcber uns - Mitglieder der B\u00fcrgerinitiative Hungerberg Dettingen\",\"isPartOf\":{\"@id\":\"https:\\\/\\\/initiative-hungerberg.de\\\/#website\"},\"primaryImageOfPage\":{\"@id\":\"https:\\\/\\\/initiative-hungerberg.de\\\/?page_id=411#primaryimage\"},\"image\":{\"@id\":\"https:\\\/\\\/initiative-hungerberg.de\\\/?page_id=411#primaryimage\"},\"thumbnailUrl\":\"https:\\\/\\\/i0.wp.com\\\/initiative-hungerberg.de\\\/wp-content\\\/uploads\\\/2021\\\/09\\\/IMG_7241-1.jpg?fit=1417%2C945&ssl=1\",\"datePublished\":\"2021-04-16T10:13:40+00:00\",\"dateModified\":\"2022-06-08T22:24:44+00:00\",\"description\":\"Mitglieder der B\u00fcrgerinitiative Hungerberg zum Vorhaltestandort Hungerberg in Dettingen. Motivation und Vorstellung zum Team\",\"breadcrumb\":{\"@id\":\"https:\\\/\\\/initiative-hungerberg.de\\\/?page_id=411#breadcrumb\"},\"inLanguage\":\"de\",\"potentialAction\":[{\"@type\":\"ReadAction\",\"target\":[\"https:\\\/\\\/initiative-hungerberg.de\\\/?page_id=411\"]}]},{\"@type\":\"ImageObject\",\"inLanguage\":\"de\",\"@id\":\"https:\\\/\\\/initiative-hungerberg.de\\\/?page_id=411#primaryimage\",\"url\":\"https:\\\/\\\/i0.wp.com\\\/initiative-hungerberg.de\\\/wp-content\\\/uploads\\\/2021\\\/09\\\/IMG_7241-1.jpg?fit=1417%2C945&ssl=1\",\"contentUrl\":\"https:\\\/\\\/i0.wp.com\\\/initiative-hungerberg.de\\\/wp-content\\\/uploads\\\/2021\\\/09\\\/IMG_7241-1.jpg?fit=1417%2C945&ssl=1\",\"width\":1417,\"height\":945,\"caption\":\"Rainer Kuhn, Michael Hahn, Susanne Maier, Manfred H\u00e4fele, Oliver Beck\"},{\"@type\":\"BreadcrumbList\",\"@id\":\"https:\\\/\\\/initiative-hungerberg.de\\\/?page_id=411#breadcrumb\",\"itemListElement\":[{\"@type\":\"ListItem\",\"position\":1,\"name\":\"Startseite\",\"item\":\"https:\\\/\\\/initiative-hungerberg.de\\\/\"},{\"@type\":\"ListItem\",\"position\":2,\"name\":\"\u00dcber uns\"}]},{\"@type\":\"WebSite\",\"@id\":\"https:\\\/\\\/initiative-hungerberg.de\\\/#website\",\"url\":\"https:\\\/\\\/initiative-hungerberg.de\\\/\",\"name\":\"B\u00fcrgerinitiative Hungerberg\",\"description\":\"Infoseite der B\u00fcrgerinitiative Hungerberg\",\"potentialAction\":[{\"@type\":\"SearchAction\",\"target\":{\"@type\":\"EntryPoint\",\"urlTemplate\":\"https:\\\/\\\/initiative-hungerberg.de\\\/?s={search_term_string}\"},\"query-input\":{\"@type\":\"PropertyValueSpecification\",\"valueRequired\":true,\"valueName\":\"search_term_string\"}}],\"inLanguage\":\"de\"}]}<\/script>\n<!-- \/ Yoast SEO plugin. -->","yoast_head_json":{"title":"\u00dcber uns - Mitglieder der B\u00fcrgerinitiative Hungerberg Dettingen","description":"Mitglieder der B\u00fcrgerinitiative Hungerberg zum Vorhaltestandort Hungerberg in Dettingen. Motivation und Vorstellung zum Team","robots":{"index":"index","follow":"follow","max-snippet":"max-snippet:-1","max-image-preview":"max-image-preview:large","max-video-preview":"max-video-preview:-1"},"canonical":"https:\/\/initiative-hungerberg.de\/?page_id=411","og_locale":"de_DE","og_type":"article","og_title":"\u00dcber uns - Mitglieder der B\u00fcrgerinitiative Hungerberg Dettingen","og_description":"Mitglieder der B\u00fcrgerinitiative Hungerberg zum Vorhaltestandort Hungerberg in Dettingen. Motivation und Vorstellung zum Team","og_url":"https:\/\/initiative-hungerberg.de\/?page_id=411","og_site_name":"B\u00fcrgerinitiative Hungerberg","article_modified_time":"2022-06-08T22:24:44+00:00","og_image":[{"width":1417,"height":945,"url":"https:\/\/initiative-hungerberg.de\/wp-content\/uploads\/2021\/09\/IMG_7241-1.jpg","type":"image\/jpeg"}],"twitter_card":"summary_large_image","twitter_misc":{"Gesch\u00e4tzte Lesezeit":"4\u00a0Minuten"},"schema":{"@context":"https:\/\/schema.org","@graph":[{"@type":"WebPage","@id":"https:\/\/initiative-hungerberg.de\/?page_id=411","url":"https:\/\/initiative-hungerberg.de\/?page_id=411","name":"\u00dcber uns - Mitglieder der B\u00fcrgerinitiative Hungerberg Dettingen","isPartOf":{"@id":"https:\/\/initiative-hungerberg.de\/#website"},"primaryImageOfPage":{"@id":"https:\/\/initiative-hungerberg.de\/?page_id=411#primaryimage"},"image":{"@id":"https:\/\/initiative-hungerberg.de\/?page_id=411#primaryimage"},"thumbnailUrl":"https:\/\/i0.wp.com\/initiative-hungerberg.de\/wp-content\/uploads\/2021\/09\/IMG_7241-1.jpg?fit=1417%2C945&ssl=1","datePublished":"2021-04-16T10:13:40+00:00","dateModified":"2022-06-08T22:24:44+00:00","description":"Mitglieder der B\u00fcrgerinitiative Hungerberg zum Vorhaltestandort Hungerberg in Dettingen. Motivation und Vorstellung zum Team","breadcrumb":{"@id":"https:\/\/initiative-hungerberg.de\/?page_id=411#breadcrumb"},"inLanguage":"de","potentialAction":[{"@type":"ReadAction","target":["https:\/\/initiative-hungerberg.de\/?page_id=411"]}]},{"@type":"ImageObject","inLanguage":"de","@id":"https:\/\/initiative-hungerberg.de\/?page_id=411#primaryimage","url":"https:\/\/i0.wp.com\/initiative-hungerberg.de\/wp-content\/uploads\/2021\/09\/IMG_7241-1.jpg?fit=1417%2C945&ssl=1","contentUrl":"https:\/\/i0.wp.com\/initiative-hungerberg.de\/wp-content\/uploads\/2021\/09\/IMG_7241-1.jpg?fit=1417%2C945&ssl=1","width":1417,"height":945,"caption":"Rainer Kuhn, Michael Hahn, Susanne Maier, Manfred H\u00e4fele, Oliver Beck"},{"@type":"BreadcrumbList","@id":"https:\/\/initiative-hungerberg.de\/?page_id=411#breadcrumb","itemListElement":[{"@type":"ListItem","position":1,"name":"Startseite","item":"https:\/\/initiative-hungerberg.de\/"},{"@type":"ListItem","position":2,"name":"\u00dcber uns"}]},{"@type":"WebSite","@id":"https:\/\/initiative-hungerberg.de\/#website","url":"https:\/\/initiative-hungerberg.de\/","name":"B\u00fcrgerinitiative Hungerberg","description":"Infoseite der B\u00fcrgerinitiative Hungerberg","potentialAction":[{"@type":"SearchAction","target":{"@type":"EntryPoint","urlTemplate":"https:\/\/initiative-hungerberg.de\/?s={search_term_string}"},"query-input":{"@type":"PropertyValueSpecification","valueRequired":true,"valueName":"search_term_string"}}],"inLanguage":"de"}]}},"jetpack_sharing_enabled":true,"_links":{"self":[{"href":"https:\/\/initiative-hungerberg.de\/index.php?rest_route=\/wp\/v2\/pages\/411","targetHints":{"allow":["GET"]}}],"collection":[{"href":"https:\/\/initiative-hungerberg.de\/index.php?rest_route=\/wp\/v2\/pages"}],"about":[{"href":"https:\/\/initiative-hungerberg.de\/index.php?rest_route=\/wp\/v2\/types\/page"}],"author":[{"embeddable":true,"href":"https:\/\/initiative-hungerberg.de\/index.php?rest_route=\/wp\/v2\/users\/1"}],"replies":[{"embeddable":true,"href":"https:\/\/initiative-hungerberg.de\/index.php?rest_route=%2Fwp%2Fv2%2Fcomments&post=411"}],"version-history":[{"count":25,"href":"https:\/\/initiative-hungerberg.de\/index.php?rest_route=\/wp\/v2\/pages\/411\/revisions"}],"predecessor-version":[{"id":1745,"href":"https:\/\/initiative-hungerberg.de\/index.php?rest_route=\/wp\/v2\/pages\/411\/revisions\/1745"}],"wp:featuredmedia":[{"embeddable":true,"href":"https:\/\/initiative-hungerberg.de\/index.php?rest_route=\/wp\/v2\/media\/1608"}],"wp:attachment":[{"href":"https:\/\/initiative-hungerberg.de\/index.php?rest_route=%2Fwp%2Fv2%2Fmedia&parent=411"}],"curies":[{"name":"wp","href":"https:\/\/api.w.org\/{rel}","templated":true}]}}