{"id":890,"date":"2021-06-04T23:33:54","date_gmt":"2021-06-04T23:33:54","guid":{"rendered":"https:\/\/initiative-hungerberg.de\/?page_id=890"},"modified":"2021-08-27T22:54:52","modified_gmt":"2021-08-27T22:54:52","slug":"faqs-haeufige-fragen","status":"publish","type":"page","link":"https:\/\/initiative-hungerberg.de\/?page_id=890","title":{"rendered":"H\u00e4ufige Fragen"},"content":{"rendered":"\n<p>H\u00e4ufige Fragen zum Vorhaltestandort Hungerberg haben wir hier aufbereitet und liefern Antworten<\/p>\n\n\n\n<figure class=\"wp-block-embed is-type-video is-provider-youtube wp-block-embed-youtube wp-embed-aspect-16-9 wp-has-aspect-ratio\"><div class=\"wp-block-embed__wrapper\">\n<iframe loading=\"lazy\" title=\"Hungerberg Dettingen - H\u00e4ufige Fragen\" width=\"840\" height=\"473\" src=\"https:\/\/www.youtube.com\/embed\/PQZvTu6tUnM?feature=oembed\" frameborder=\"0\" allow=\"accelerometer; autoplay; clipboard-write; encrypted-media; gyroscope; picture-in-picture\" allowfullscreen><\/iframe>\n<\/div><\/figure>\n\n\n\n<h3 class=\"wp-block-heading\">Wo ist der Hungerberg?<\/h3>\n\n\n\n<p><strong>Der Hungerberg befindet sich auf Dettinger Gemarkung im Bereich der ICE-Baustelle und s\u00fcdlich davon sowie auf der Kirchheimer Gemarkung zwischen Bohnau und A8<\/strong><\/p>\n\n\n\n<p><strong>Wichtig<\/strong>: Im Zusammenhang mit B\u00fcrgerbegehren und dem B\u00fcrgerentscheid gegen einen Vorhaltestandort des Verbands Region Stuttgart beziehen wir uns auf den &#8222;Dettinger Teil&#8220; des Hungerbergs. <\/p>\n\n\n\n<figure class=\"wp-block-image size-large is-resized\"><img data-recalc-dims=\"1\" loading=\"lazy\" decoding=\"async\" src=\"https:\/\/i0.wp.com\/initiative-hungerberg.de\/wp-content\/uploads\/2021\/06\/Hugnerberg-Dettingen-Kirchheim-1.png?resize=380%2C512&#038;ssl=1\" alt=\"Hungerberg Dettingen Kirchheim \" class=\"wp-image-893\" width=\"380\" height=\"512\" srcset=\"https:\/\/i0.wp.com\/initiative-hungerberg.de\/wp-content\/uploads\/2021\/06\/Hugnerberg-Dettingen-Kirchheim-1.png?resize=759%2C1024&amp;ssl=1 759w, https:\/\/i0.wp.com\/initiative-hungerberg.de\/wp-content\/uploads\/2021\/06\/Hugnerberg-Dettingen-Kirchheim-1.png?resize=222%2C300&amp;ssl=1 222w, https:\/\/i0.wp.com\/initiative-hungerberg.de\/wp-content\/uploads\/2021\/06\/Hugnerberg-Dettingen-Kirchheim-1.png?resize=768%2C1036&amp;ssl=1 768w, https:\/\/i0.wp.com\/initiative-hungerberg.de\/wp-content\/uploads\/2021\/06\/Hugnerberg-Dettingen-Kirchheim-1.png?resize=1139%2C1536&amp;ssl=1 1139w, https:\/\/i0.wp.com\/initiative-hungerberg.de\/wp-content\/uploads\/2021\/06\/Hugnerberg-Dettingen-Kirchheim-1.png?resize=1518%2C2048&amp;ssl=1 1518w, https:\/\/i0.wp.com\/initiative-hungerberg.de\/wp-content\/uploads\/2021\/06\/Hugnerberg-Dettingen-Kirchheim-1.png?resize=1200%2C1619&amp;ssl=1 1200w, https:\/\/i0.wp.com\/initiative-hungerberg.de\/wp-content\/uploads\/2021\/06\/Hugnerberg-Dettingen-Kirchheim-1.png?w=1754&amp;ssl=1 1754w, https:\/\/i0.wp.com\/initiative-hungerberg.de\/wp-content\/uploads\/2021\/06\/Hugnerberg-Dettingen-Kirchheim-1.png?w=1680&amp;ssl=1 1680w\" sizes=\"auto, (max-width: 380px) 85vw, 380px\" \/><figcaption>Hungerberg auf der Gemarkung von Dettingen und Kirchheim<\/figcaption><\/figure>\n\n\n\n<p><strong>Anmerkung<\/strong>: <em>Den Kirchheimer Teil des Hungerbergs n\u00f6rdlich der A8 erschlie\u00dft die Stadt Kirchheim als Misch-\/Industriegebiet (ca. 20 ha) unter den Namen <\/em>&#8222;Bohnau-S\u00fcd&#8220;<\/p>\n\n\n\n<h3 class=\"wp-block-heading\">Warum hei\u00dft der Hungerberg &#8222;Hungerberg&#8220;?<\/h3>\n\n\n\n<p><strong>Auf jeden Fall nicht deswegen, weil die B\u00f6den dort schlecht sind &#8211; ganz im Gegenteil.<\/strong><\/p>\n\n\n\n<p>Die ortsans\u00e4ssigen Landwirte und auch die <a href=\"https:\/\/www.region-stuttgart.org\/geoinformation\/?noMobile=mjhrnjlo%20onfocus%252525252525253DblurL\">Planungsunterlagen der Region Stuttgart<\/a> selbst stellen klar: <strong>Die B\u00f6den auf dem Hungerberg geh\u00f6ren zu den besten auf der Dettinger Gemarkung<\/strong>. Dort ist die fruchtbare Humusschicht m\u00e4chtiger ist als beispielsweise in den &#8222;steinreichen&#8220; B\u00f6den niedriger Lagen, wie z.B im Bereich der Bundesstra\u00dfe. <\/p>\n\n\n\n<h3 class=\"wp-block-heading\">Welche Bedeutung hat der Hungerberg bisher?<\/h3>\n\n\n\n<p><strong>Im Regionalplan war der Hungerberg als Regionaler Gr\u00fcnzug und  Vorbehaltsgebiet f\u00fcr Naturschutz und Landschaftspflege eingetragen. Auch f\u00fcr die regionale Lebensmittelproduktion ist der Hungerberg eine solide Quelle.<\/strong><\/p>\n\n\n\n<p>Die Region f\u00fchrt im Umweltbericht regionalbedeutsame Ausgleichsfunktionen an, wie z.B. &#8222;Naherholung, hoher Anteil hochwertiger B\u00f6den, wohnungsnahe Erholung, Biotope und Biotopverbund, Wasserhaushalt, Grundwasserneubildung, Naturschutz und Landschaftspflege, Klima&#8220;. <\/p>\n\n\n\n<h3 class=\"wp-block-heading\">Soll auf dem Hungerberg nur Forschung und Entwicklung von &#8222;Zukunftstechnologie&#8220; angesiedelt werden?<\/h3>\n\n\n\n<p><strong>Nein! <\/strong>Die Planungsunterlagen sprechen von &#8222;Produktion und Logistik&#8220; sowie von &#8222;gro\u00dffl\u00e4chigen Unternehmensprojekten&#8220;, die &#8222;immissionsschutzrechtlich auch einen 24-Stunden-Betrieb zulassen&#8220;<\/p>\n\n\n\n<h3 class=\"wp-block-heading\">F\u00fcr wen sind die Fl\u00e4chen am Hungerberg gedacht?<\/h3>\n\n\n\n<p><strong>Auf jeden Fall <span style=\"text-decoration: underline\" class=\"underline\">NICHT<\/span> f\u00fcr Dettinger und Kirchheimer Gewerbetreibende. Lokale Gewerbe sind hier au\u00dfen vor.<\/strong><\/p>\n\n\n\n<p>Welche Firma sich hier ansiedeln soll, ist <em>offiziell<\/em> nicht bekannt.<\/p>\n\n\n\n<h3 class=\"wp-block-heading\">Wer bef\u00fcrwortet das Industriegebiet?<\/h3>\n\n\n\n<p><strong>Der Verband Stuttgart, die Wirtschaftsf\u00f6rderung Region Stuttgart GmbH, Hr. B\u00fcrgermeister Hau\u00dfmann und im Gemeinderat Dettingen die Fraktion &#8222;Dettinger B\u00fcrgerliste&#8220; sowie Teile von CDU\/FWV<\/strong>.<\/p>\n\n\n\n<p>Der <strong>Verband Region Stuttgart<\/strong> mit seinem Tochterunternehmen der <strong>Wirtschaftsf\u00f6rderung Region Stuttgart GmbH<\/strong> sind die Initiatoren des Vorhaltestandortes. Darin sitzen Vertreter aus Industrie und Wirtschaft sowie anderer verschiedener Interessensverb\u00e4nde als Gesellschafter, die f\u00fcr ihre Klienten Fl\u00e4chen suchen. <\/p>\n\n\n\n<p>F\u00fcr die Realisierung braucht die Region aber auch die Zustimmung der Gemeinde Dettingen. Hr. B\u00fcrgermeister Hau\u00dfmann sowie die Fraktion &#8222;Dettinger B\u00fcrgerliste&#8220; bef\u00fcrworten das Projekt. Die Fraktion SPD\/Gr\u00fcne sind gegen das Gro\u00dfprojekt. Die Mitglieder der Fraktion CDU\/FWV sind geteilter Meinung.<br>In bisher insgesamt drei Abstimmungen zum Vorhaltestandort waren die Gemeinder\u00e4te mit 7:7 stets unentschieden. B\u00fcrgermeister Hr. Hau\u00dfmann stimmte jeweils daf\u00fcr und somit konnte das Verfahren initiiert bzw. weiterverfolgt werden.<\/p>\n\n\n\n<h3 class=\"wp-block-heading\">Mit welchen Gewerbesteuereinnahmen rechnet die Gemeinde Dettingen<\/h3>\n\n\n\n<p><strong>Eine ungef\u00e4hre H\u00f6he ist bislang nicht in Erfahrung zu bringen.<\/strong><\/p>\n\n\n\n<p>Die Verwaltungsgemeinschaft von Kirchheim, Dettingen und Notzingen hat folgende Anteile f\u00fcr den Standort vereinbart:<br><strong>Dettingen 50%<\/strong><br>Kirchheim 43%<br>Notzingen 7%<\/p>\n\n\n\n<h3 class=\"wp-block-heading\">Petition vs. B\u00fcrgerbegehren &#8211; B\u00fcrgerentscheid <br>Warum &#8222;nur&#8220; Dettingen und nicht in Kirchheim?<\/h3>\n\n\n\n<p><strong>Das B\u00fcrgerbegehren in Dettingen ist Teil des B\u00fcrgerentscheids. Dieser hat dann bei Erfolg den Status eines Gemeinderatsbeschlusses, in dem eine Bebauung des Hungerbergs abgelehnt wird.<\/strong><\/p>\n\n\n\n<p>Eine Petition hat rechtlich keine Relevanz und w\u00fcrde der Verwaltung lediglich ein nicht bindendes und evtl. nicht repr\u00e4sentatives Stimmungsbild vermitteln. <\/p>\n\n\n\n<p>Das Gebiet f\u00fcr den angedachten Vorhaltestandort liegt auf der Gemarkung Dettingen. Daher kann nur aus der B\u00fcrgerschaft Dettingens die Initiative ergriffen werden. Gleichzeitig sind dann alle wahlberechtigten EU-B\u00fcrger*innen \u00fcber 16 zur Unterschrift bzw. Stimmabgabe berechtigt.<\/p>\n\n\n\n<p class=\"has-small-font-size\">H\u00e4ufige Fragen zum Vorhaltestandort Hungerberg<\/p>\n\n\n\n<p><a href=\"https:\/\/initiative-hungerberg.de\/?p=1394\">Weitere Fragen und Antworten der Podiumsdiskussion<\/a> <\/p>\n","protected":false},"excerpt":{"rendered":"<p>H\u00e4ufige Fragen zum Vorhaltestandort Hungerberg haben wir hier aufbereitet und liefern Antworten Wo ist der Hungerberg? Der Hungerberg befindet sich auf Dettinger Gemarkung im Bereich der ICE-Baustelle und s\u00fcdlich davon &hellip; <a href=\"https:\/\/initiative-hungerberg.de\/?page_id=890\" class=\"more-link\"><span class=\"screen-reader-text\">\u201eH\u00e4ufige Fragen\u201c<\/span> weiterlesen<\/a><\/p>\n","protected":false},"author":1,"featured_media":1414,"parent":0,"menu_order":2,"comment_status":"closed","ping_status":"closed","template":"","meta":{"_monsterinsights_skip_tracking":false,"_monsterinsights_sitenote_active":false,"_monsterinsights_sitenote_note":"","_monsterinsights_sitenote_category":0,"footnotes":""},"class_list":["post-890","page","type-page","status-publish","has-post-thumbnail","hentry"],"yoast_head":"<!-- This site is optimized with the Yoast SEO plugin v27.4 - https:\/\/yoast.com\/product\/yoast-seo-wordpress\/ -->\n<title>FAQs - h\u00e4ufige Fragen zum Vorhaltestandort Hungerberg<\/title>\n<meta name=\"description\" content=\"H\u00e4ufige Fragen zum Vorhaltestandort Hungerberg und den Themen Verkehr, Natur, Umwelt, Klima und Landwirtschaft.\" \/>\n<meta name=\"robots\" content=\"index, follow, max-snippet:-1, max-image-preview:large, max-video-preview:-1\" \/>\n<link rel=\"canonical\" href=\"https:\/\/initiative-hungerberg.de\/?page_id=890\" \/>\n<meta property=\"og:locale\" content=\"de_DE\" \/>\n<meta property=\"og:type\" content=\"article\" \/>\n<meta property=\"og:title\" content=\"FAQs - h\u00e4ufige Fragen zum Vorhaltestandort Hungerberg\" \/>\n<meta property=\"og:description\" content=\"H\u00e4ufige Fragen zum Vorhaltestandort Hungerberg und den Themen Verkehr, Natur, Umwelt, Klima und Landwirtschaft.\" \/>\n<meta property=\"og:url\" content=\"https:\/\/initiative-hungerberg.de\/?page_id=890\" \/>\n<meta property=\"og:site_name\" content=\"B\u00fcrgerinitiative Hungerberg\" \/>\n<meta property=\"article:modified_time\" content=\"2021-08-27T22:54:52+00:00\" \/>\n<meta property=\"og:image\" content=\"https:\/\/i0.wp.com\/initiative-hungerberg.de\/wp-content\/uploads\/2021\/06\/pexels-photo-221164.jpeg?fit=1880%2C1253&ssl=1\" \/>\n\t<meta property=\"og:image:width\" content=\"1880\" \/>\n\t<meta property=\"og:image:height\" content=\"1253\" \/>\n\t<meta property=\"og:image:type\" content=\"image\/jpeg\" \/>\n<meta name=\"twitter:card\" content=\"summary_large_image\" \/>\n<meta name=\"twitter:label1\" content=\"Gesch\u00e4tzte Lesezeit\" \/>\n\t<meta name=\"twitter:data1\" content=\"3\u00a0Minuten\" \/>\n<script type=\"application\/ld+json\" class=\"yoast-schema-graph\">{\"@context\":\"https:\\\/\\\/schema.org\",\"@graph\":[{\"@type\":\"WebPage\",\"@id\":\"https:\\\/\\\/initiative-hungerberg.de\\\/?page_id=890\",\"url\":\"https:\\\/\\\/initiative-hungerberg.de\\\/?page_id=890\",\"name\":\"FAQs - h\u00e4ufige Fragen zum Vorhaltestandort Hungerberg\",\"isPartOf\":{\"@id\":\"https:\\\/\\\/initiative-hungerberg.de\\\/#website\"},\"primaryImageOfPage\":{\"@id\":\"https:\\\/\\\/initiative-hungerberg.de\\\/?page_id=890#primaryimage\"},\"image\":{\"@id\":\"https:\\\/\\\/initiative-hungerberg.de\\\/?page_id=890#primaryimage\"},\"thumbnailUrl\":\"https:\\\/\\\/i0.wp.com\\\/initiative-hungerberg.de\\\/wp-content\\\/uploads\\\/2021\\\/06\\\/pexels-photo-221164.jpeg?fit=1880%2C1253&ssl=1\",\"datePublished\":\"2021-06-04T23:33:54+00:00\",\"dateModified\":\"2021-08-27T22:54:52+00:00\",\"description\":\"H\u00e4ufige Fragen zum Vorhaltestandort Hungerberg und den Themen Verkehr, Natur, Umwelt, Klima und Landwirtschaft.\",\"breadcrumb\":{\"@id\":\"https:\\\/\\\/initiative-hungerberg.de\\\/?page_id=890#breadcrumb\"},\"inLanguage\":\"de\",\"potentialAction\":[{\"@type\":\"ReadAction\",\"target\":[\"https:\\\/\\\/initiative-hungerberg.de\\\/?page_id=890\"]}]},{\"@type\":\"ImageObject\",\"inLanguage\":\"de\",\"@id\":\"https:\\\/\\\/initiative-hungerberg.de\\\/?page_id=890#primaryimage\",\"url\":\"https:\\\/\\\/i0.wp.com\\\/initiative-hungerberg.de\\\/wp-content\\\/uploads\\\/2021\\\/06\\\/pexels-photo-221164.jpeg?fit=1880%2C1253&ssl=1\",\"contentUrl\":\"https:\\\/\\\/i0.wp.com\\\/initiative-hungerberg.de\\\/wp-content\\\/uploads\\\/2021\\\/06\\\/pexels-photo-221164.jpeg?fit=1880%2C1253&ssl=1\",\"width\":1880,\"height\":1253,\"caption\":\"Photo by Pixabay on Pexels.com\"},{\"@type\":\"BreadcrumbList\",\"@id\":\"https:\\\/\\\/initiative-hungerberg.de\\\/?page_id=890#breadcrumb\",\"itemListElement\":[{\"@type\":\"ListItem\",\"position\":1,\"name\":\"Startseite\",\"item\":\"https:\\\/\\\/initiative-hungerberg.de\\\/\"},{\"@type\":\"ListItem\",\"position\":2,\"name\":\"H\u00e4ufige Fragen\"}]},{\"@type\":\"WebSite\",\"@id\":\"https:\\\/\\\/initiative-hungerberg.de\\\/#website\",\"url\":\"https:\\\/\\\/initiative-hungerberg.de\\\/\",\"name\":\"B\u00fcrgerinitiative Hungerberg\",\"description\":\"Infoseite der B\u00fcrgerinitiative Hungerberg\",\"potentialAction\":[{\"@type\":\"SearchAction\",\"target\":{\"@type\":\"EntryPoint\",\"urlTemplate\":\"https:\\\/\\\/initiative-hungerberg.de\\\/?s={search_term_string}\"},\"query-input\":{\"@type\":\"PropertyValueSpecification\",\"valueRequired\":true,\"valueName\":\"search_term_string\"}}],\"inLanguage\":\"de\"}]}<\/script>\n<!-- \/ Yoast SEO plugin. -->","yoast_head_json":{"title":"FAQs - h\u00e4ufige Fragen zum Vorhaltestandort Hungerberg","description":"H\u00e4ufige Fragen zum Vorhaltestandort Hungerberg und den Themen Verkehr, Natur, Umwelt, Klima und Landwirtschaft.","robots":{"index":"index","follow":"follow","max-snippet":"max-snippet:-1","max-image-preview":"max-image-preview:large","max-video-preview":"max-video-preview:-1"},"canonical":"https:\/\/initiative-hungerberg.de\/?page_id=890","og_locale":"de_DE","og_type":"article","og_title":"FAQs - h\u00e4ufige Fragen zum Vorhaltestandort Hungerberg","og_description":"H\u00e4ufige Fragen zum Vorhaltestandort Hungerberg und den Themen Verkehr, Natur, Umwelt, Klima und Landwirtschaft.","og_url":"https:\/\/initiative-hungerberg.de\/?page_id=890","og_site_name":"B\u00fcrgerinitiative Hungerberg","article_modified_time":"2021-08-27T22:54:52+00:00","og_image":[{"width":1880,"height":1253,"url":"https:\/\/i0.wp.com\/initiative-hungerberg.de\/wp-content\/uploads\/2021\/06\/pexels-photo-221164.jpeg?fit=1880%2C1253&ssl=1","type":"image\/jpeg"}],"twitter_card":"summary_large_image","twitter_misc":{"Gesch\u00e4tzte Lesezeit":"3\u00a0Minuten"},"schema":{"@context":"https:\/\/schema.org","@graph":[{"@type":"WebPage","@id":"https:\/\/initiative-hungerberg.de\/?page_id=890","url":"https:\/\/initiative-hungerberg.de\/?page_id=890","name":"FAQs - h\u00e4ufige Fragen zum Vorhaltestandort Hungerberg","isPartOf":{"@id":"https:\/\/initiative-hungerberg.de\/#website"},"primaryImageOfPage":{"@id":"https:\/\/initiative-hungerberg.de\/?page_id=890#primaryimage"},"image":{"@id":"https:\/\/initiative-hungerberg.de\/?page_id=890#primaryimage"},"thumbnailUrl":"https:\/\/i0.wp.com\/initiative-hungerberg.de\/wp-content\/uploads\/2021\/06\/pexels-photo-221164.jpeg?fit=1880%2C1253&ssl=1","datePublished":"2021-06-04T23:33:54+00:00","dateModified":"2021-08-27T22:54:52+00:00","description":"H\u00e4ufige Fragen zum Vorhaltestandort Hungerberg und den Themen Verkehr, Natur, Umwelt, Klima und Landwirtschaft.","breadcrumb":{"@id":"https:\/\/initiative-hungerberg.de\/?page_id=890#breadcrumb"},"inLanguage":"de","potentialAction":[{"@type":"ReadAction","target":["https:\/\/initiative-hungerberg.de\/?page_id=890"]}]},{"@type":"ImageObject","inLanguage":"de","@id":"https:\/\/initiative-hungerberg.de\/?page_id=890#primaryimage","url":"https:\/\/i0.wp.com\/initiative-hungerberg.de\/wp-content\/uploads\/2021\/06\/pexels-photo-221164.jpeg?fit=1880%2C1253&ssl=1","contentUrl":"https:\/\/i0.wp.com\/initiative-hungerberg.de\/wp-content\/uploads\/2021\/06\/pexels-photo-221164.jpeg?fit=1880%2C1253&ssl=1","width":1880,"height":1253,"caption":"Photo by Pixabay on Pexels.com"},{"@type":"BreadcrumbList","@id":"https:\/\/initiative-hungerberg.de\/?page_id=890#breadcrumb","itemListElement":[{"@type":"ListItem","position":1,"name":"Startseite","item":"https:\/\/initiative-hungerberg.de\/"},{"@type":"ListItem","position":2,"name":"H\u00e4ufige Fragen"}]},{"@type":"WebSite","@id":"https:\/\/initiative-hungerberg.de\/#website","url":"https:\/\/initiative-hungerberg.de\/","name":"B\u00fcrgerinitiative Hungerberg","description":"Infoseite der B\u00fcrgerinitiative Hungerberg","potentialAction":[{"@type":"SearchAction","target":{"@type":"EntryPoint","urlTemplate":"https:\/\/initiative-hungerberg.de\/?s={search_term_string}"},"query-input":{"@type":"PropertyValueSpecification","valueRequired":true,"valueName":"search_term_string"}}],"inLanguage":"de"}]}},"jetpack_sharing_enabled":true,"_links":{"self":[{"href":"https:\/\/initiative-hungerberg.de\/index.php?rest_route=\/wp\/v2\/pages\/890","targetHints":{"allow":["GET"]}}],"collection":[{"href":"https:\/\/initiative-hungerberg.de\/index.php?rest_route=\/wp\/v2\/pages"}],"about":[{"href":"https:\/\/initiative-hungerberg.de\/index.php?rest_route=\/wp\/v2\/types\/page"}],"author":[{"embeddable":true,"href":"https:\/\/initiative-hungerberg.de\/index.php?rest_route=\/wp\/v2\/users\/1"}],"replies":[{"embeddable":true,"href":"https:\/\/initiative-hungerberg.de\/index.php?rest_route=%2Fwp%2Fv2%2Fcomments&post=890"}],"version-history":[{"count":23,"href":"https:\/\/initiative-hungerberg.de\/index.php?rest_route=\/wp\/v2\/pages\/890\/revisions"}],"predecessor-version":[{"id":1413,"href":"https:\/\/initiative-hungerberg.de\/index.php?rest_route=\/wp\/v2\/pages\/890\/revisions\/1413"}],"wp:featuredmedia":[{"embeddable":true,"href":"https:\/\/initiative-hungerberg.de\/index.php?rest_route=\/wp\/v2\/media\/1414"}],"wp:attachment":[{"href":"https:\/\/initiative-hungerberg.de\/index.php?rest_route=%2Fwp%2Fv2%2Fmedia&parent=890"}],"curies":[{"name":"wp","href":"https:\/\/api.w.org\/{rel}","templated":true}]}}